{"id":115376,"date":"2022-10-10T15:21:08","date_gmt":"2022-10-10T13:21:08","guid":{"rendered":"https:\/\/caritas-wp.glauco.it\/caritas-dev\/?page_id=115376"},"modified":"2022-10-10T15:21:08","modified_gmt":"2022-10-10T13:21:08","slug":"deducibilita-e-detraibilita","status":"publish","type":"page","link":"https:\/\/caritas-wp.glauco.it\/caritas-dev\/deducibilita-e-detraibilita\/","title":{"rendered":"Deducibilit\u00e0 e detraibilit\u00e0\u00a0"},"content":{"rendered":"<p><strong>Promemoria per gli offerenti<\/strong><\/p>\n<p>Caritas Italiana \u00e8 una Organizzazione non Governativa (ONG) riconosciuta con decreto del Ministero degli Affari Esteri del 14 settembre 1998.<\/p>\n<p>Caritas Italiana era gi\u00e0 considerata ONLUS nel rispetto della sua struttura e delle sue finalit\u00e0 fin dal 1997 per via dell\u2019articolo 10 comma 8 del decreto legislativo n.460 del 1997.<\/p>\n<p>Il 2 febbraio 2015 ha presentato istanza di iscrizione all\u2019Anagrafe unica delle Onlus ai sensi dell\u2019art. 32, comma 7, della legge n. 125\/2014 (\u201cDisciplina generale sulla cooperazione internazionale per lo sviluppo\u201d) che \u00e8 stata accolta . La direzione regionale del Lazio Agenzie delle Entrate ha iscritto Caritas Italiana all\u2019<strong>anagrafe delle ONLUS<\/strong> tenuta presso la DR Lazio con <strong>protocollo nr.0022434 del 27\/03\/2015<\/strong> (<a href=\"https:\/\/archivio.caritas.it\/caritasitaliana\/allegati\/42\/IscrizioneanagrafeOnlus.pdf\" target=\"_blank\" rel=\"noopener\">vedi lettera di iscrizione<\/a>); Caritas Italiana mantiene pertanto le agevolazioni fiscali previste per le ONLUS, nonch\u00e9 la possibilit\u00e0 di ricevere erogazioni liberali deducibili e\/o detraibili in capo ai soggetti eroganti (risoluzione n. 22\/E del 24\/2\/2015).<\/p>\n<p><strong>In considerazione della sua natura ai fini fiscali le offerte sono deducibili.<\/strong><\/p>\n<p><a href=\"https:\/\/archivio.caritas.it\/pls\/caritasitaliana\/v3_s2ew_consultazione.mostra_pagina?id_pagina=5756&amp;id_sessione=66&amp;pwd_sessione=EFEGACFHTVxyuvMQ\" target=\"_blank\" rel=\"noopener\">Vedi le istruzioni per 730<\/a><\/p>\n<p>A decorrere dal 1\u00b0 gennaio 2018 per le Onlus (o rami Onlus) \u00e9 gi\u00e0 entrato in vigore, tra gli altri, l&#8217;art. 83 del D. Lgs 117\/2017, riguardante il regime di deduzione detrazione delle liberalit\u00e0 erogate da persone fisiche \/ imprese a favore degli enti del Terzo Settore di natura non commerciale (sostanzialmente a regime la normativa riguarder\u00e0 tutti gli enti del terzo settore di natura non commerciale, ma per le Onlus, le OdV e le APS l&#8217;entrata in vigore \u00e9 stata anticipata gi\u00e0 a decorrere dal 1\u00b0 gennaio 2018).<br \/>\nPertanto, a decorrere dal 1\u00b0 gennaio 2018, ai sensi dell&#8217;art. 83 del D. Lgs 117\/2017:<\/p>\n<ul>\n<li><strong>le persone fisiche<\/strong> che effettuano erogazioni liberali in denaro (secondo modalit\u00e0 tracciabili) o in natura a favore di \u201cRami Onlus\u201d possono (i) detrarre dalla propria irpef un importo pari al 30% delle predette somme fino ad un importo complessivo in ciascun periodo d\u2019imposta non superiore a \u20ac 30.000,00, ovvero, alternativamente (ii) dedurre dal proprio reddito complessivo netto la somma erogata nel limite del 10% del reddito complessivo dichiarato, potendo altres\u00ec, nel caso di ammontare superiore al reddito complessivo dichiarato, computare l\u2019eccedenza in deduzione dal reddito complessivo dei periodi di imposta successivi, ma non oltre il quarto;<\/li>\n<li><strong>gli enti e le societ\u00e0<\/strong> che effettuano erogazioni liberali in denaro o in natura a favore di \u201cRami Onlus&#8221; possono dedurre dal proprio reddito complessivo netto la somma erogata nel limite del 10% del reddito complessivo dichiarato, potendo altres\u00ec, nel caso di ammontare superiore al reddito complessivo dichiarato, computare l\u2019eccedenza in deduzione dal reddito complessivo dei periodi di imposta successivi, ma non oltre il quarto.<br \/>\nTutte le offerte per poter essere dedotte o detratte devono avvenire con sistemi di pagamento tracciabili, ovvero se il versamento \u00e8 effettuato tramite banca o uffici postali o ancora mediante gli altri sistemi di pagamento quali carte di debito, carte di credito e prepagate, assegni bancari e circolari.<\/li>\n<\/ul>\n<p>Ai fini di detraibilit\u00e0 e\/o deducibilit\u00e0 fiscale, dal <strong>1\u00b0 gennaio 2021<\/strong> Caritas Italiana \u00e8 tenuta a comunicare all\u2019Agenzia delle Entrate i dati delle erogazioni liberali per consentire l\u2019inserimento delle stesse nelle dichiarazioni precompilate dell&#8217;anno successivo. Per poter effettuare la comunicazione nei tempi previsti \u00e8 necessario che Caritas Italiana sia in possesso dei <strong>dati fiscali del donatore (Nome, Cognome, Indirizzo e numero civico, Citt\u00e0 e Provincia, CAP, Codice Fiscale)<\/strong> entro la fine dell&#8217;anno in cui si effettua la donazione.<\/p>\n<p><strong>Per informazioni: amministrazione@caritas.it<\/strong><\/p>\n<p>La Caritas Italiana, su autorizzazione della Cei, pu\u00f2 trattenere <strong>fino al massimo del 5%<\/strong> sulle offerte per coprire i costi di organizzazione, funzionamento e sensibilizzazione.<\/p>\n","protected":false},"excerpt":{"rendered":"<p>Promemoria per gli offerenti Caritas Italiana \u00e8 una Organizzazione non Governativa (ONG) riconosciuta con decreto del Ministero degli Affari Esteri del 14 settembre 1998. Caritas Italiana era gi\u00e0 considerata ONLUS nel rispetto della sua struttura e delle sue finalit\u00e0 fin dal 1997 per via dell\u2019articolo 10 comma 8 del decreto legislativo n.460 del 1997. Il [&hellip;]<\/p>\n","protected":false},"author":13,"featured_media":0,"parent":0,"menu_order":0,"comment_status":"closed","ping_status":"closed","template":"","meta":{"_lmt_disableupdate":"","_lmt_disable":"","footnotes":""},"acf":[],"yoast_head":"<!-- This site is optimized with the Yoast SEO plugin v21.4 - https:\/\/yoast.com\/wordpress\/plugins\/seo\/ -->\n<title>Deducibilit\u00e0 e detraibilit\u00e0\u00a0 - Caritas DEV<\/title>\n<meta name=\"robots\" content=\"index, follow, max-snippet:-1, max-image-preview:large, max-video-preview:-1\" \/>\n<link rel=\"canonical\" href=\"https:\/\/caritas-wp.glauco.it\/caritas-dev\/deducibilita-e-detraibilita\/\" \/>\n<meta property=\"og:locale\" content=\"it_IT\" \/>\n<meta property=\"og:type\" content=\"article\" \/>\n<meta property=\"og:title\" content=\"Deducibilit\u00e0 e detraibilit\u00e0\u00a0 - Caritas DEV\" \/>\n<meta property=\"og:description\" content=\"Promemoria per gli offerenti Caritas Italiana \u00e8 una Organizzazione non Governativa (ONG) riconosciuta con decreto del Ministero degli Affari Esteri del 14 settembre 1998. Caritas Italiana era gi\u00e0 considerata ONLUS nel rispetto della sua struttura e delle sue finalit\u00e0 fin dal 1997 per via dell\u2019articolo 10 comma 8 del decreto legislativo n.460 del 1997. Il [&hellip;]\" \/>\n<meta property=\"og:url\" content=\"https:\/\/caritas-wp.glauco.it\/caritas-dev\/deducibilita-e-detraibilita\/\" \/>\n<meta property=\"og:site_name\" content=\"Caritas DEV\" \/>\n<meta name=\"twitter:card\" content=\"summary_large_image\" \/>\n<meta name=\"twitter:label1\" content=\"Tempo di lettura stimato\" \/>\n\t<meta name=\"twitter:data1\" content=\"4 minuti\" \/>\n<script type=\"application\/ld+json\" class=\"yoast-schema-graph\">{\"@context\":\"https:\/\/schema.org\",\"@graph\":[{\"@type\":\"WebPage\",\"@id\":\"https:\/\/caritas-wp.glauco.it\/caritas-dev\/deducibilita-e-detraibilita\/\",\"url\":\"https:\/\/caritas-wp.glauco.it\/caritas-dev\/deducibilita-e-detraibilita\/\",\"name\":\"Deducibilit\u00e0 e detraibilit\u00e0\u00a0 - Caritas DEV\",\"isPartOf\":{\"@id\":\"https:\/\/caritas-wp.glauco.it\/caritas-dev\/#website\"},\"datePublished\":\"2022-10-10T13:21:08+00:00\",\"dateModified\":\"2022-10-10T13:21:08+00:00\",\"breadcrumb\":{\"@id\":\"https:\/\/caritas-wp.glauco.it\/caritas-dev\/deducibilita-e-detraibilita\/#breadcrumb\"},\"inLanguage\":\"it-IT\",\"potentialAction\":[{\"@type\":\"ReadAction\",\"target\":[\"https:\/\/caritas-wp.glauco.it\/caritas-dev\/deducibilita-e-detraibilita\/\"]}]},{\"@type\":\"BreadcrumbList\",\"@id\":\"https:\/\/caritas-wp.glauco.it\/caritas-dev\/deducibilita-e-detraibilita\/#breadcrumb\",\"itemListElement\":[{\"@type\":\"ListItem\",\"position\":1,\"name\":\"Home\",\"item\":\"https:\/\/caritas-wp.glauco.it\/caritas-dev\/\"},{\"@type\":\"ListItem\",\"position\":2,\"name\":\"Deducibilit\u00e0 e detraibilit\u00e0\u00a0\"}]},{\"@type\":\"WebSite\",\"@id\":\"https:\/\/caritas-wp.glauco.it\/caritas-dev\/#website\",\"url\":\"https:\/\/caritas-wp.glauco.it\/caritas-dev\/\",\"name\":\"Caritas DEV\",\"description\":\"Organismo Pastorale della CEI\",\"publisher\":{\"@id\":\"https:\/\/caritas-wp.glauco.it\/caritas-dev\/#organization\"},\"potentialAction\":[{\"@type\":\"SearchAction\",\"target\":{\"@type\":\"EntryPoint\",\"urlTemplate\":\"https:\/\/caritas-wp.glauco.it\/caritas-dev\/?s={search_term_string}\"},\"query-input\":\"required name=search_term_string\"}],\"inLanguage\":\"it-IT\"},{\"@type\":\"Organization\",\"@id\":\"https:\/\/caritas-wp.glauco.it\/caritas-dev\/#organization\",\"name\":\"Caritas Italiana\",\"url\":\"https:\/\/caritas-wp.glauco.it\/caritas-dev\/\",\"logo\":{\"@type\":\"ImageObject\",\"inLanguage\":\"it-IT\",\"@id\":\"https:\/\/caritas-wp.glauco.it\/caritas-dev\/#\/schema\/logo\/image\/\",\"url\":\"https:\/\/caritas-wp.glauco.it\/caritas-dev\/wp-content\/uploads\/sites\/7\/2022\/07\/logo_caritas-1.png\",\"contentUrl\":\"https:\/\/caritas-wp.glauco.it\/caritas-dev\/wp-content\/uploads\/sites\/7\/2022\/07\/logo_caritas-1.png\",\"width\":187,\"height\":80,\"caption\":\"Caritas Italiana\"},\"image\":{\"@id\":\"https:\/\/caritas-wp.glauco.it\/caritas-dev\/#\/schema\/logo\/image\/\"}}]}<\/script>\n<!-- \/ Yoast SEO plugin. -->","yoast_head_json":{"title":"Deducibilit\u00e0 e detraibilit\u00e0\u00a0 - Caritas DEV","robots":{"index":"index","follow":"follow","max-snippet":"max-snippet:-1","max-image-preview":"max-image-preview:large","max-video-preview":"max-video-preview:-1"},"canonical":"https:\/\/caritas-wp.glauco.it\/caritas-dev\/deducibilita-e-detraibilita\/","og_locale":"it_IT","og_type":"article","og_title":"Deducibilit\u00e0 e detraibilit\u00e0\u00a0 - Caritas DEV","og_description":"Promemoria per gli offerenti Caritas Italiana \u00e8 una Organizzazione non Governativa (ONG) riconosciuta con decreto del Ministero degli Affari Esteri del 14 settembre 1998. Caritas Italiana era gi\u00e0 considerata ONLUS nel rispetto della sua struttura e delle sue finalit\u00e0 fin dal 1997 per via dell\u2019articolo 10 comma 8 del decreto legislativo n.460 del 1997. Il [&hellip;]","og_url":"https:\/\/caritas-wp.glauco.it\/caritas-dev\/deducibilita-e-detraibilita\/","og_site_name":"Caritas DEV","twitter_card":"summary_large_image","twitter_misc":{"Tempo di lettura stimato":"4 minuti"},"schema":{"@context":"https:\/\/schema.org","@graph":[{"@type":"WebPage","@id":"https:\/\/caritas-wp.glauco.it\/caritas-dev\/deducibilita-e-detraibilita\/","url":"https:\/\/caritas-wp.glauco.it\/caritas-dev\/deducibilita-e-detraibilita\/","name":"Deducibilit\u00e0 e detraibilit\u00e0\u00a0 - Caritas DEV","isPartOf":{"@id":"https:\/\/caritas-wp.glauco.it\/caritas-dev\/#website"},"datePublished":"2022-10-10T13:21:08+00:00","dateModified":"2022-10-10T13:21:08+00:00","breadcrumb":{"@id":"https:\/\/caritas-wp.glauco.it\/caritas-dev\/deducibilita-e-detraibilita\/#breadcrumb"},"inLanguage":"it-IT","potentialAction":[{"@type":"ReadAction","target":["https:\/\/caritas-wp.glauco.it\/caritas-dev\/deducibilita-e-detraibilita\/"]}]},{"@type":"BreadcrumbList","@id":"https:\/\/caritas-wp.glauco.it\/caritas-dev\/deducibilita-e-detraibilita\/#breadcrumb","itemListElement":[{"@type":"ListItem","position":1,"name":"Home","item":"https:\/\/caritas-wp.glauco.it\/caritas-dev\/"},{"@type":"ListItem","position":2,"name":"Deducibilit\u00e0 e detraibilit\u00e0\u00a0"}]},{"@type":"WebSite","@id":"https:\/\/caritas-wp.glauco.it\/caritas-dev\/#website","url":"https:\/\/caritas-wp.glauco.it\/caritas-dev\/","name":"Caritas DEV","description":"Organismo Pastorale della CEI","publisher":{"@id":"https:\/\/caritas-wp.glauco.it\/caritas-dev\/#organization"},"potentialAction":[{"@type":"SearchAction","target":{"@type":"EntryPoint","urlTemplate":"https:\/\/caritas-wp.glauco.it\/caritas-dev\/?s={search_term_string}"},"query-input":"required name=search_term_string"}],"inLanguage":"it-IT"},{"@type":"Organization","@id":"https:\/\/caritas-wp.glauco.it\/caritas-dev\/#organization","name":"Caritas Italiana","url":"https:\/\/caritas-wp.glauco.it\/caritas-dev\/","logo":{"@type":"ImageObject","inLanguage":"it-IT","@id":"https:\/\/caritas-wp.glauco.it\/caritas-dev\/#\/schema\/logo\/image\/","url":"https:\/\/caritas-wp.glauco.it\/caritas-dev\/wp-content\/uploads\/sites\/7\/2022\/07\/logo_caritas-1.png","contentUrl":"https:\/\/caritas-wp.glauco.it\/caritas-dev\/wp-content\/uploads\/sites\/7\/2022\/07\/logo_caritas-1.png","width":187,"height":80,"caption":"Caritas Italiana"},"image":{"@id":"https:\/\/caritas-wp.glauco.it\/caritas-dev\/#\/schema\/logo\/image\/"}}]}},"_links":{"self":[{"href":"https:\/\/caritas-wp.glauco.it\/caritas-dev\/wp-json\/wp\/v2\/pages\/115376"}],"collection":[{"href":"https:\/\/caritas-wp.glauco.it\/caritas-dev\/wp-json\/wp\/v2\/pages"}],"about":[{"href":"https:\/\/caritas-wp.glauco.it\/caritas-dev\/wp-json\/wp\/v2\/types\/page"}],"author":[{"embeddable":true,"href":"https:\/\/caritas-wp.glauco.it\/caritas-dev\/wp-json\/wp\/v2\/users\/13"}],"replies":[{"embeddable":true,"href":"https:\/\/caritas-wp.glauco.it\/caritas-dev\/wp-json\/wp\/v2\/comments?post=115376"}],"version-history":[{"count":2,"href":"https:\/\/caritas-wp.glauco.it\/caritas-dev\/wp-json\/wp\/v2\/pages\/115376\/revisions"}],"predecessor-version":[{"id":115543,"href":"https:\/\/caritas-wp.glauco.it\/caritas-dev\/wp-json\/wp\/v2\/pages\/115376\/revisions\/115543"}],"wp:attachment":[{"href":"https:\/\/caritas-wp.glauco.it\/caritas-dev\/wp-json\/wp\/v2\/media?parent=115376"}],"curies":[{"name":"wp","href":"https:\/\/api.w.org\/{rel}","templated":true}]}}