{"id":115573,"date":"2022-10-10T16:07:31","date_gmt":"2022-10-10T14:07:31","guid":{"rendered":"https:\/\/caritas-wp.glauco.it\/caritas-dev\/?page_id=115573"},"modified":"2022-10-10T16:10:56","modified_gmt":"2022-10-10T14:10:56","slug":"trattamento-dati","status":"publish","type":"page","link":"https:\/\/caritas-wp.glauco.it\/caritas-dev\/trattamento-dati\/","title":{"rendered":"Trattamento dati"},"content":{"rendered":"<p>Caritas Italiana \u00e8 un ente ecclesiatico civilmente riconosciuto. Il trattamento dei dati personali \u00e8 effettuato come previsto nella seguente informativa ai sensi degli <strong>artt. 13 e seguenti del Regolamento UE 679\/2016 e D.Lgs. 10 agosto 2018 nr. 101 per il trattamento dei dati personali.<\/strong><\/p>\n<p>Ai sensi degli art. 13 e seguenti del Regolamento UE 679\/2016 (di seguito GDPR) in materia di protezione dei dati personali Caritas Italiana, Via Aurelia 796 &#8211; 00165 Roma (di seguito \u201cTitolare\u201d), in qualit\u00e0 di titolare del trattamento La informa che i suoi dati saranno trattati con le modalit\u00e0 di seguito descritte.<\/p>\n<p><strong>1. Oggetto, modalit\u00e0 del trattamento e base giuridica<\/strong><\/p>\n<p>Il Titolare tratta i dati personali identificativi (ad esempio a titolo esemplificativo e non esaustivo nome, cognome, codice fiscale, indirizzo, recapito telefonico, indirizzo di posta elettronica, riferimenti bancari e di pagamento, partita IVA, immagini, fotografie e video) da lei comunicati in occasione della conclusione e svolgimento di contratti per servizi o per rapporti di lavoro conclusi con il Titolare stesso.<\/p>\n<p>Per dato personale si intende qualsiasi informazione riguardante una persona fisica identificata o identificabile \u201cinteressato\u201d; si considera identificabile la persona fisica che pu\u00f2 essere identificata, direttamente o indirettamente, con particolare riferimento a un identificativo come il nome, un numero di identificazione, dati relativi all\u2019ubicazione, un identificativo online o a uno o pi\u00f9 elementi caratteristici della sua identit\u00e0 fisica, fisiologica, genetica, psichica, economica, culturale o sociale<\/p>\n<p>Per trattamento di dati personali si intende qualsiasi operazione o insieme di operazioni, compiute con o senza l\u2019ausilio di processi automatizzati e applicate a dati personali o insiemi di dati personali, anche se non registrati in una banca dati, come la raccolta, la registrazione, l\u2019organizzazione, la strutturazione, la conservazione, l\u2019elaborazione, la selezione, il blocco, l\u2019adattamento o la modifica, l\u2019estrazione, la consultazione, l\u2019uso, la comunicazione mediante trasmissione, la diffusione o qualsiasi altra forma di messa a disposizione, il raffronto o l\u2019interconnessione, la limitazione, la cancellazione o la distruzione.<\/p>\n<p>La base giuridica del trattamento \u00e8 contrattuale.<\/p>\n<p><strong>2. Finalit\u00e0 del trattamento<\/strong><\/p>\n<p>I dati verranno trattati per le seguenti finalit\u00e0, in via manuale e\/o con il supporto di mezzi informatici o telematici, comunque idonei a garantire la sicurezza e la riservatezza dei dati stessi.<\/p>\n<p><em>A<\/em> &#8211; I suoi dati personali sono trattati nel rispetto dell\u2019art.6 lett.b), e) GDPR senza il Suo consenso espresso per le seguenti finalit\u00e0 di servizio: concludere contratti per i servizi forniti dal Titolare; adempiere agli obblighi di natura precontrattuale, contrattuale e fiscale derivante da qualsivoglia rapporto in essere con Lei; adempiere agli obblighi previsti dalla legge, da un regolamento dalla normativa comunitaria, da un ordine dell\u2019Autorit\u00e0 o da qualsiasi atto avente forza o valore di legge; esercitare i diritti del Titolare, ad esempio quello di difesa in giudizio, per finalit\u00e0 relative alla gestione ed all\u2019amministrazione del Suo rapporto di lavoro con il Titolare.<\/p>\n<p><em>B<\/em> &#8211; I suoi dati sono trattati nel rispetto dell\u2019art. 7 GDPR solo previo Suo specifico consenso, manifestato attraverso una distinta autorizzazione per le seguenti finalit\u00e0 di marketing: inviarLe via e-mail, posta, sms e\/o contatti telefonici, newsletter, comunicazioni commerciali e\/o materiale pubblicitario su prodotti e servizi offerti dal Titolare e rilevazione del grado di soddisfazione sulla qualit\u00e0 dei servizi; inviarLe via e-mail, posta, sms e\/o contatti telefonici, newsletter comunicazioni commerciali e\/o promozionali di soggetti terzi (ad esempio business partner, compagnie assicurative, altre societ\u00e0 del gruppo cui eventualmente appartenesse il Titolare).<\/p>\n<p>In ogni caso le informazioni riguardanti l\u2019et\u00e0, il sesso o le origini etniche e culturali saranno usate esclusivamente al fine di permettere al Titolare di verificare il rispetto della legge e la sua migliore applicazione in termini di pari opportunit\u00e0, di non discriminazione e della corretta gestione delle risorse umane.<\/p>\n<p>Le segnaliamo che se \u00e8 gi\u00e0 nostro cliente potremo inviarLe comunicazioni commerciali relative a servizi e prodotti del Titolare analoghi a quelli di cui ha gi\u00e0 usufruito, salvo suo dissenso.<\/p>\n<p>Il Titolare tratter\u00e0 i dati personali per il tempo necessario ad adempiere alle finalit\u00e0 di cui sopra e comunque non oltre 10 anni dalla cessazione del rapporto per le finalit\u00e0 del servizio o del rapporto stesso e non oltre 2 anni dalla raccolta dei dati per le finalit\u00e0 di marketing.<\/p>\n<p><strong>3. Accesso ai dati<\/strong><\/p>\n<p>I Suoi dati potranno essere resi accessibili per le finalit\u00e0 di cui alla presente informativa e specificati sopra ai seguenti soggetti:<\/p>\n<p>a dipendenti e collaboratori del Titolare o delle societ\u00e0 partecipate in Italia e all\u2019estero, nella loro qualit\u00e0 di incaricati e\/o responsabili interni del trattamento e\/o amministratori di sistema;<\/p>\n<p>a societ\u00e0 terze o altri soggetti (a titolo indicativo, istituti di credito, studi professionali, consulenti, societ\u00e0 di assicurazione per la prestazione di servizi assicurativi etc.) che svolgono attivit\u00e0 in outsourcing per conto del Titolare, nella loro qualit\u00e0 di responsabili esterni del trattamento.<\/p>\n<p><strong>4. Comunicazione dei dati<\/strong><\/p>\n<p>Senza la necessit\u00e0 di un espresso consenso ex art. 6 lett. b) e c) GDPR), il Titolare potr\u00e0 comunicare i Suoi dati per le finalit\u00e0 descritte nella presente informativa a Organismi di vigilanza ed enti pubblici (quali IVASS, INPS, INAIL), Autorit\u00e0 giudiziarie, a societ\u00e0 assicurative per la prestazione di servizi assicurativi, nonch\u00e9 a quei soggetti ai quali la comunicazione sia obbligatoria per legge per l\u2019espletamento delle finalit\u00e0 dette. Detti soggetti tratteranno i dati nella loro qualit\u00e0 di autonomi titolari del trattamento.<\/p>\n<p>I suoi dati non verranno diffusi.<\/p>\n<p><strong>5. Trasferimento dati<\/strong><\/p>\n<p>I dati personali sono ubicati e conservati presso i nostri server, che si trovano fisicamente all\u2019interno dell\u2019Unione Europea. Resta in ogni caso inteso che il Titolare, ove si rendesse necessario, avr\u00e0 facolt\u00e0 di spostare i server anche nei territori fuori all\u2019Unione Europea. In tal caso, il Titolare assicura sin d\u2019ora che il trasferimento dei dati nei territori extra-UE avverr\u00e0 in conformit\u00e0 alle disposizioni di legge applicabili stipulando, se necessario, accordi che garantiscano un livello di protezione adeguato e\/o adottando le clausole contrattuali standard previste dalla Commissione Europea.<\/p>\n<p><strong>6. Natura del conferimento dei dati e conseguenze del rifiuto di rispondere<\/strong><\/p>\n<p>Il conferimento dei dati per le finalit\u00e0 di cui sopra al punto 2A) \u00e8 obbligatorio. In loro assenza e in mancanza di tale conferimento, il Titolare non potr\u00e0 garantirLe i servizi di cui al punto 2A) della presente informativa.<\/p>\n<p>Il conferimento dei dati per le finalit\u00e0 di cui all\u2019art. 2B) \u00e8 invece facoltativo. Pu\u00f2 pertanto decidere di non conferire alcun dato o di negare successivamente la possibilit\u00e0 di trattare dati gi\u00e0 forniti in qualsiasi momento: in tal caso, non potr\u00e0 ricevere newsletter, comunicazioni commerciali e materiale pubblicitario inerenti ai servizi offerti dal Titolare. Continuer\u00e0 comunque a beneficiare dei servizi di cui all\u2019art. 2A) di cui sopra.<\/p>\n<p><strong>7. Diritti dell\u2019interessato<\/strong><\/p>\n<p>Nella Sua qualit\u00e0 di interessato gode i diritti di cui all\u2019art. 15 GDPR e precisamente il diritto di:<\/p>\n<p>ottenere la conferma dell&#8217;esistenza o meno di dati personali che La riguardano, anche se non ancora registrati, e la loro comunicazione in forma intelligibile;<\/p>\n<p>ottenere l&#8217;indicazione: a) dell&#8217;origine dei dati personali; b) delle finalit\u00e0 e modalit\u00e0 del trattamento; c) della logica applicata in caso di trattamento effettuato con l&#8217;ausilio di strumenti elettronici; d) degli estremi identificativi del titolare, dei responsabili e del rappresentante designato ai sensi dell&#8217;art. 3, comma 1, GDPR; e) dei soggetti o delle categorie di soggetti ai quali i dati personali possono essere comunicati o che possono venirne a conoscenza in qualit\u00e0 di rappresentante designato nel territorio dello Stato Italiano, di responsabili o incaricati;<\/p>\n<p>ottenere: a) l&#8217;aggiornamento, la rettificazione ovvero, quando vi ha interesse, l&#8217;integrazione dei dati; b) la cancellazione, la trasformazione in forma anonima o il blocco dei dati trattati in violazione di legge, compresi quelli di cui non \u00e8 necessaria la conservazione in relazione agli scopi per i quali i dati sono stati raccolti o successivamente trattati; c) l&#8217;attestazione che le operazioni di cui alle lettere a) e b) sono state portate a conoscenza, anche per quanto riguarda il loro contenuto, di coloro ai quali i dati sono stati comunicati o diffusi, eccettuato il caso in cui tale adempimento si rivela impossibile o comporta un impiego di mezzi manifestamente sproporzionato rispetto al diritto tutelato; d) opporsi, in tutto o in parte: a) per motivi legittimi al trattamento dei dati personali che La riguardano, ancorch\u00e9 pertinenti allo scopo della raccolta; b) al trattamento di dati personali che La riguardano a fini di invio di materiale pubblicitario o di vendita diretta o per il compimento di ricerche di mercato o di comunicazione commerciale, mediante l\u2019uso di sistemi automatizzati di chiamata senza l\u2019intervento di un operatore mediante e-mail e\/o mediante modalit\u00e0 di marketing tradizionali mediante telefono e\/o posta cartacea. Si fa presente che il diritto di opposizione dell\u2019interessato, esposto al precedente punto b), per finalit\u00e0 di marketing diretto mediante modalit\u00e0 automatizzate si estende a quelle tradizionali e che comunque resta salva la possibilit\u00e0 per l\u2019interessato di esercitare il diritto di opposizione anche solo in parte. Pertanto l\u2019interessato pu\u00f2 decidere di ricevere solo comunicazioni mediante modalit\u00e0 tradizionali ovvero solo comunicazioni automatizzate oppure nessuna delle due tipologie di comunicazione.<\/p>\n<p>Ove applicabili, ha altres\u00ec i diritti di cui agli artt. 16-21 GDPR (diritto di rettifica, diritto all\u2019oblio, diritto di limitazione di trattamento, diritto alla portabilit\u00e0 dei dati, diritto di opposizione), nonch\u00e9 il diritto di reclamo all\u2019Autorit\u00e0 Garante.<\/p>\n<p><strong>8. Modalit\u00e0 di esercizio dei diritti<\/strong><\/p>\n<p>Potr\u00e0 in qualsiasi momento esercitare i diritti inviando una raccomandata a.r. a Caritas Italiana, Via Aurelia 796 &#8211; 00165 Roma, oppure via email a: segreteria@caritas.it<\/p>\n<p><strong>9. Titolare, responsabile e incaricati<\/strong><\/p>\n<p>Il Titolare del trattamento \u00e8 Caritas Italiana, Via Aurelia 796 &#8211; 00165 Roma come espressamente riportato all\u2019inizio del presente documento.<\/p>\n<p>L\u2019elenco aggiornato dei responsabili e degli incaricati al trattamento \u00e8 custodito presso la sede legale del Titolare del trattamento.<\/p>\n<p><strong>10. Minori<\/strong><\/p>\n<p>I Servizi del Titolare non sono destinati a minori di 18 anni e il Titolare non raccoglie intenzionalmente informazioni personali riferite ai minori. Nel caso in cui informazioni su minori fossero involontariamente registrate, il Titolare le canceller\u00e0 in modo tempestivo, su richiesta degli utenti.<\/p>\n<p><strong>11. Modifiche alla presente Informativa<\/strong><\/p>\n<p>La presente Informativa pu\u00f2 subire variazioni. Si consiglia, quindi, di controllare regolarmente questa Informativa e di riferirsi alla versione pi\u00f9 aggiornata<\/p>\n","protected":false},"excerpt":{"rendered":"<p>Caritas Italiana \u00e8 un ente ecclesiatico civilmente riconosciuto. Il trattamento dei dati personali \u00e8 effettuato come previsto nella seguente informativa ai sensi degli artt. 13 e seguenti del Regolamento UE 679\/2016 e D.Lgs. 10 agosto 2018 nr. 101 per il trattamento dei dati personali. Ai sensi degli art. 13 e seguenti del Regolamento UE 679\/2016 [&hellip;]<\/p>\n","protected":false},"author":13,"featured_media":0,"parent":0,"menu_order":0,"comment_status":"closed","ping_status":"closed","template":"","meta":{"_lmt_disableupdate":"no","_lmt_disable":"","footnotes":""},"acf":[],"yoast_head":"<!-- This site is optimized with the Yoast SEO plugin v21.4 - https:\/\/yoast.com\/wordpress\/plugins\/seo\/ -->\n<title>Trattamento dati - Caritas DEV<\/title>\n<meta name=\"robots\" content=\"index, follow, max-snippet:-1, max-image-preview:large, max-video-preview:-1\" \/>\n<link rel=\"canonical\" href=\"https:\/\/caritas-wp.glauco.it\/caritas-dev\/trattamento-dati\/\" \/>\n<meta property=\"og:locale\" content=\"it_IT\" \/>\n<meta property=\"og:type\" content=\"article\" \/>\n<meta property=\"og:title\" content=\"Trattamento dati - Caritas DEV\" \/>\n<meta property=\"og:description\" content=\"Caritas Italiana \u00e8 un ente ecclesiatico civilmente riconosciuto. Il trattamento dei dati personali \u00e8 effettuato come previsto nella seguente informativa ai sensi degli artt. 13 e seguenti del Regolamento UE 679\/2016 e D.Lgs. 10 agosto 2018 nr. 101 per il trattamento dei dati personali. Ai sensi degli art. 13 e seguenti del Regolamento UE 679\/2016 [&hellip;]\" \/>\n<meta property=\"og:url\" content=\"https:\/\/caritas-wp.glauco.it\/caritas-dev\/trattamento-dati\/\" \/>\n<meta property=\"og:site_name\" content=\"Caritas DEV\" \/>\n<meta property=\"article:modified_time\" content=\"2022-10-10T14:10:56+00:00\" \/>\n<meta name=\"twitter:card\" content=\"summary_large_image\" \/>\n<meta name=\"twitter:label1\" content=\"Tempo di lettura stimato\" \/>\n\t<meta name=\"twitter:data1\" content=\"9 minuti\" \/>\n<script type=\"application\/ld+json\" class=\"yoast-schema-graph\">{\"@context\":\"https:\/\/schema.org\",\"@graph\":[{\"@type\":\"WebPage\",\"@id\":\"https:\/\/caritas-wp.glauco.it\/caritas-dev\/trattamento-dati\/\",\"url\":\"https:\/\/caritas-wp.glauco.it\/caritas-dev\/trattamento-dati\/\",\"name\":\"Trattamento dati - Caritas DEV\",\"isPartOf\":{\"@id\":\"https:\/\/caritas-wp.glauco.it\/caritas-dev\/#website\"},\"datePublished\":\"2022-10-10T14:07:31+00:00\",\"dateModified\":\"2022-10-10T14:10:56+00:00\",\"breadcrumb\":{\"@id\":\"https:\/\/caritas-wp.glauco.it\/caritas-dev\/trattamento-dati\/#breadcrumb\"},\"inLanguage\":\"it-IT\",\"potentialAction\":[{\"@type\":\"ReadAction\",\"target\":[\"https:\/\/caritas-wp.glauco.it\/caritas-dev\/trattamento-dati\/\"]}]},{\"@type\":\"BreadcrumbList\",\"@id\":\"https:\/\/caritas-wp.glauco.it\/caritas-dev\/trattamento-dati\/#breadcrumb\",\"itemListElement\":[{\"@type\":\"ListItem\",\"position\":1,\"name\":\"Home\",\"item\":\"https:\/\/caritas-wp.glauco.it\/caritas-dev\/\"},{\"@type\":\"ListItem\",\"position\":2,\"name\":\"Trattamento dati\"}]},{\"@type\":\"WebSite\",\"@id\":\"https:\/\/caritas-wp.glauco.it\/caritas-dev\/#website\",\"url\":\"https:\/\/caritas-wp.glauco.it\/caritas-dev\/\",\"name\":\"Caritas DEV\",\"description\":\"Organismo Pastorale della CEI\",\"publisher\":{\"@id\":\"https:\/\/caritas-wp.glauco.it\/caritas-dev\/#organization\"},\"potentialAction\":[{\"@type\":\"SearchAction\",\"target\":{\"@type\":\"EntryPoint\",\"urlTemplate\":\"https:\/\/caritas-wp.glauco.it\/caritas-dev\/?s={search_term_string}\"},\"query-input\":\"required name=search_term_string\"}],\"inLanguage\":\"it-IT\"},{\"@type\":\"Organization\",\"@id\":\"https:\/\/caritas-wp.glauco.it\/caritas-dev\/#organization\",\"name\":\"Caritas Italiana\",\"url\":\"https:\/\/caritas-wp.glauco.it\/caritas-dev\/\",\"logo\":{\"@type\":\"ImageObject\",\"inLanguage\":\"it-IT\",\"@id\":\"https:\/\/caritas-wp.glauco.it\/caritas-dev\/#\/schema\/logo\/image\/\",\"url\":\"https:\/\/caritas-wp.glauco.it\/caritas-dev\/wp-content\/uploads\/sites\/7\/2022\/07\/logo_caritas-1.png\",\"contentUrl\":\"https:\/\/caritas-wp.glauco.it\/caritas-dev\/wp-content\/uploads\/sites\/7\/2022\/07\/logo_caritas-1.png\",\"width\":187,\"height\":80,\"caption\":\"Caritas Italiana\"},\"image\":{\"@id\":\"https:\/\/caritas-wp.glauco.it\/caritas-dev\/#\/schema\/logo\/image\/\"}}]}<\/script>\n<!-- \/ Yoast SEO plugin. -->","yoast_head_json":{"title":"Trattamento dati - Caritas DEV","robots":{"index":"index","follow":"follow","max-snippet":"max-snippet:-1","max-image-preview":"max-image-preview:large","max-video-preview":"max-video-preview:-1"},"canonical":"https:\/\/caritas-wp.glauco.it\/caritas-dev\/trattamento-dati\/","og_locale":"it_IT","og_type":"article","og_title":"Trattamento dati - Caritas DEV","og_description":"Caritas Italiana \u00e8 un ente ecclesiatico civilmente riconosciuto. Il trattamento dei dati personali \u00e8 effettuato come previsto nella seguente informativa ai sensi degli artt. 13 e seguenti del Regolamento UE 679\/2016 e D.Lgs. 10 agosto 2018 nr. 101 per il trattamento dei dati personali. Ai sensi degli art. 13 e seguenti del Regolamento UE 679\/2016 [&hellip;]","og_url":"https:\/\/caritas-wp.glauco.it\/caritas-dev\/trattamento-dati\/","og_site_name":"Caritas DEV","article_modified_time":"2022-10-10T14:10:56+00:00","twitter_card":"summary_large_image","twitter_misc":{"Tempo di lettura stimato":"9 minuti"},"schema":{"@context":"https:\/\/schema.org","@graph":[{"@type":"WebPage","@id":"https:\/\/caritas-wp.glauco.it\/caritas-dev\/trattamento-dati\/","url":"https:\/\/caritas-wp.glauco.it\/caritas-dev\/trattamento-dati\/","name":"Trattamento dati - Caritas DEV","isPartOf":{"@id":"https:\/\/caritas-wp.glauco.it\/caritas-dev\/#website"},"datePublished":"2022-10-10T14:07:31+00:00","dateModified":"2022-10-10T14:10:56+00:00","breadcrumb":{"@id":"https:\/\/caritas-wp.glauco.it\/caritas-dev\/trattamento-dati\/#breadcrumb"},"inLanguage":"it-IT","potentialAction":[{"@type":"ReadAction","target":["https:\/\/caritas-wp.glauco.it\/caritas-dev\/trattamento-dati\/"]}]},{"@type":"BreadcrumbList","@id":"https:\/\/caritas-wp.glauco.it\/caritas-dev\/trattamento-dati\/#breadcrumb","itemListElement":[{"@type":"ListItem","position":1,"name":"Home","item":"https:\/\/caritas-wp.glauco.it\/caritas-dev\/"},{"@type":"ListItem","position":2,"name":"Trattamento dati"}]},{"@type":"WebSite","@id":"https:\/\/caritas-wp.glauco.it\/caritas-dev\/#website","url":"https:\/\/caritas-wp.glauco.it\/caritas-dev\/","name":"Caritas DEV","description":"Organismo Pastorale della CEI","publisher":{"@id":"https:\/\/caritas-wp.glauco.it\/caritas-dev\/#organization"},"potentialAction":[{"@type":"SearchAction","target":{"@type":"EntryPoint","urlTemplate":"https:\/\/caritas-wp.glauco.it\/caritas-dev\/?s={search_term_string}"},"query-input":"required name=search_term_string"}],"inLanguage":"it-IT"},{"@type":"Organization","@id":"https:\/\/caritas-wp.glauco.it\/caritas-dev\/#organization","name":"Caritas Italiana","url":"https:\/\/caritas-wp.glauco.it\/caritas-dev\/","logo":{"@type":"ImageObject","inLanguage":"it-IT","@id":"https:\/\/caritas-wp.glauco.it\/caritas-dev\/#\/schema\/logo\/image\/","url":"https:\/\/caritas-wp.glauco.it\/caritas-dev\/wp-content\/uploads\/sites\/7\/2022\/07\/logo_caritas-1.png","contentUrl":"https:\/\/caritas-wp.glauco.it\/caritas-dev\/wp-content\/uploads\/sites\/7\/2022\/07\/logo_caritas-1.png","width":187,"height":80,"caption":"Caritas Italiana"},"image":{"@id":"https:\/\/caritas-wp.glauco.it\/caritas-dev\/#\/schema\/logo\/image\/"}}]}},"_links":{"self":[{"href":"https:\/\/caritas-wp.glauco.it\/caritas-dev\/wp-json\/wp\/v2\/pages\/115573"}],"collection":[{"href":"https:\/\/caritas-wp.glauco.it\/caritas-dev\/wp-json\/wp\/v2\/pages"}],"about":[{"href":"https:\/\/caritas-wp.glauco.it\/caritas-dev\/wp-json\/wp\/v2\/types\/page"}],"author":[{"embeddable":true,"href":"https:\/\/caritas-wp.glauco.it\/caritas-dev\/wp-json\/wp\/v2\/users\/13"}],"replies":[{"embeddable":true,"href":"https:\/\/caritas-wp.glauco.it\/caritas-dev\/wp-json\/wp\/v2\/comments?post=115573"}],"version-history":[{"count":2,"href":"https:\/\/caritas-wp.glauco.it\/caritas-dev\/wp-json\/wp\/v2\/pages\/115573\/revisions"}],"predecessor-version":[{"id":115661,"href":"https:\/\/caritas-wp.glauco.it\/caritas-dev\/wp-json\/wp\/v2\/pages\/115573\/revisions\/115661"}],"wp:attachment":[{"href":"https:\/\/caritas-wp.glauco.it\/caritas-dev\/wp-json\/wp\/v2\/media?parent=115573"}],"curies":[{"name":"wp","href":"https:\/\/api.w.org\/{rel}","templated":true}]}}